{"id":36842,"date":"2023-06-22T09:48:06","date_gmt":"2023-06-22T09:48:06","guid":{"rendered":"https:\/\/www.jovagro.pt\/?post_type=product&#038;p=36842"},"modified":"2025-04-22T15:30:08","modified_gmt":"2025-04-22T15:30:08","slug":"naturamin-wsp","status":"publish","type":"product","link":"https:\/\/www.manonunes.pt\/en\/shop\/inovabio\/fitonutricao\/bioativadores\/naturamin-wsp\/","title":{"rendered":"Naturamin\u00ae-WSP"},"content":{"rendered":"<style type=\"text\/css\"> \n#cmsms_row_69e0019a141a6 .cmsms_row_outer_parent { \n\tpadding-top: 0px; \n} \n\n#cmsms_row_69e0019a141a6 .cmsms_row_outer_parent { \n\tpadding-bottom: 50px; \n} \n\n<\/style><div id=\"cmsms_row_69e0019a141a6\" class=\"cmsms_row cmsms_color_scheme_default\">\n<div class=\"cmsms_row_outer_parent\">\n<div class=\"cmsms_row_outer\">\n<div class=\"cmsms_row_inner\">\n<div class=\"cmsms_row_margin\">\n<div class=\"cmsms_column one_first\">\n<div class=\"custom_html\">\n<table class=\"woocommerce-product-attributes shop_attributes\">\n<tbody>\n<tr class=\"woocommerce-product-attributes-item woocommerce-product-attributes-item--attribute_pa_aplicacao\">\n<th class=\"woocommerce-product-attributes-item__label\">Amino\u00e1cidos livres<\/th>\n<td class=\"woocommerce-product-attributes-item__value\">80%<\/td>\n<\/tr>\n<tr class=\"woocommerce-product-attributes-item woocommerce-product-attributes-item--attribute_pa_aplicacao\">\n<th class=\"woocommerce-product-attributes-item__label\">Azoto (N) total<\/th>\n<td class=\"woocommerce-product-attributes-item__value\">12,8%<\/td>\n<\/tr>\n<tr class=\"woocommerce-product-attributes-item woocommerce-product-attributes-item--attribute_pa_aplicacao\">\n<th class=\"woocommerce-product-attributes-item__label\">Azoto (N) org\u00e2nico<\/th>\n<td class=\"woocommerce-product-attributes-item__value\">12,8%<\/td>\n<\/tr>\n<\/tbody>\n<\/table>\n<\/div>\n<\/div>\n<div class=\"cmsms_column one_first\">\n<p><\/p>\n<\/div>\n<\/div>\n<\/div>\n<\/div>\n<\/div>\n<\/div>","protected":false},"excerpt":{"rendered":"<p id=\"cmsms_heading_647df62110e5f\" class=\"cmsms_heading\"><span style=\"color: #808080;\">Naturamin-WSP<span style=\"font-size: 16px;\"> estimula o crescimento equilibrado da cultura. O seu uso \u00e9 recomendado nas fases em que a cultura exige maior consumo de energia e nos momentos em que a cultura \u00e9 submetida a condi\u00e7\u00f5es desfavor\u00e1veis (transplante, calor, frio, granizo, vento, excesso e falta de \u00e1gua, salinidade, ataques de pat\u00f3genos, fitotoxicidade, entre outras situa\u00e7\u00f5es de stress). Alta concentra\u00e7\u00e3o de amino\u00e1cidos de cadeia curta (80%), com um aminograma equilibrado, alta concentra\u00e7\u00e3o de amino\u00e1cidos b\u00e1sicos e alta concentra\u00e7\u00e3o de amino\u00e1cidos com atividade espec\u00edfica.<\/span><\/span><\/p>\n<p><strong><img loading=\"lazy\" decoding=\"async\" class=\"alignnone size-full wp-image-38351\" src=\"https:\/\/www.jovagro.pt\/wp-content\/uploads\/2023\/06\/approved-by-ecocert-inputs-vector-logo.png\" alt=\"\" width=\"80\" height=\"80\" \/> <img loading=\"lazy\" decoding=\"async\" class=\"alignnone wp-image-38345\" src=\"https:\/\/www.jovagro.pt\/wp-content\/uploads\/2023\/06\/CAAEInsumosUNE.jpg\" alt=\"\" width=\"73\" height=\"73\" srcset=\"https:\/\/www.manonunes.pt\/wp-content\/uploads\/2023\/06\/CAAEInsumosUNE.jpg 80w, https:\/\/www.manonunes.pt\/wp-content\/uploads\/2023\/06\/CAAEInsumosUNE-12x12.jpg 12w, https:\/\/www.manonunes.pt\/wp-content\/uploads\/2023\/06\/CAAEInsumosUNE-55x55.jpg 55w\" sizes=\"auto, (max-width: 73px) 100vw, 73px\" \/> <img loading=\"lazy\" decoding=\"async\" class=\"alignnone wp-image-38347\" src=\"https:\/\/www.jovagro.pt\/wp-content\/uploads\/2023\/06\/intereco_Vlogo_281119.png\" alt=\"\" width=\"71\" height=\"71\" srcset=\"https:\/\/www.manonunes.pt\/wp-content\/uploads\/2023\/06\/intereco_Vlogo_281119.png 80w, https:\/\/www.manonunes.pt\/wp-content\/uploads\/2023\/06\/intereco_Vlogo_281119-12x12.png 12w, https:\/\/www.manonunes.pt\/wp-content\/uploads\/2023\/06\/intereco_Vlogo_281119-55x55.png 55w\" sizes=\"auto, (max-width: 71px) 100vw, 71px\" \/><img loading=\"lazy\" decoding=\"async\" class=\"alignnone size-full wp-image-38350\" src=\"https:\/\/www.jovagro.pt\/wp-content\/uploads\/2023\/06\/OMRI-listed-logo-cmyk.png\" alt=\"\" width=\"80\" height=\"80\" srcset=\"https:\/\/www.manonunes.pt\/wp-content\/uploads\/2023\/06\/OMRI-listed-logo-cmyk.png 80w, https:\/\/www.manonunes.pt\/wp-content\/uploads\/2023\/06\/OMRI-listed-logo-cmyk-12x12.png 12w, https:\/\/www.manonunes.pt\/wp-content\/uploads\/2023\/06\/OMRI-listed-logo-cmyk-55x55.png 55w\" sizes=\"auto, (max-width: 80px) 100vw, 80px\" \/><\/strong><\/p>","protected":false},"featured_media":4164,"template":"","meta":{"_monsterinsights_skip_tracking":false,"_monsterinsights_sitenote_active":false,"_monsterinsights_sitenote_note":"","_monsterinsights_sitenote_category":0},"product_brand":[],"product_cat":[539,516],"product_tag":[],"class_list":{"0":"post-36842","1":"product","2":"type-product","3":"status-publish","4":"has-post-thumbnail","6":"product_cat-bioativadores","7":"product_cat-fitonutricao","9":"first","10":"instock","11":"taxable","12":"shipping-taxable","13":"purchasable","14":"product-type-variable"},"yoast_head":"<!-- This site is optimized with the Yoast SEO plugin v27.4 - https:\/\/yoast.com\/product\/yoast-seo-wordpress\/ -->\n<title>Naturamin\u00ae-WSP - Jovagro<\/title>\n<meta name=\"robots\" content=\"noindex, follow\" \/>\n<meta property=\"og:locale\" content=\"en_GB\" \/>\n<meta property=\"og:type\" content=\"article\" \/>\n<meta property=\"og:title\" content=\"Naturamin\u00ae-WSP - Jovagro\" \/>\n<meta property=\"og:description\" content=\"Naturamin-WSP estimula o crescimento equilibrado da cultura. O seu uso \u00e9 recomendado nas fases em que a cultura exige maior consumo de energia e nos momentos em que a cultura \u00e9 submetida a condi\u00e7\u00f5es desfavor\u00e1veis (transplante, calor, frio, granizo, vento, excesso e falta de \u00e1gua, salinidade, ataques de pat\u00f3genos, fitotoxicidade, entre outras situa\u00e7\u00f5es de stress). Alta concentra\u00e7\u00e3o de amino\u00e1cidos de cadeia curta (80%), com um aminograma equilibrado, alta concentra\u00e7\u00e3o de amino\u00e1cidos b\u00e1sicos e alta concentra\u00e7\u00e3o de amino\u00e1cidos com atividade espec\u00edfica.\" \/>\n<meta property=\"og:url\" content=\"https:\/\/www.jovagro.pt\/shop\/inovabio\/fitonutricao\/bioativadores\/naturamin-wsp\/\" \/>\n<meta property=\"og:site_name\" content=\"Jovagro\" \/>\n<meta property=\"article:publisher\" content=\"https:\/\/www.facebook.com\/Jovagro\/\" \/>\n<meta property=\"article:modified_time\" content=\"2025-04-22T15:30:08+00:00\" \/>\n<meta property=\"og:image\" content=\"https:\/\/www.jovagro.pt\/wp-content\/uploads\/2020\/01\/Naturamin.png\" \/>\n\t<meta property=\"og:image:width\" content=\"626\" \/>\n\t<meta property=\"og:image:height\" content=\"626\" \/>\n\t<meta property=\"og:image:type\" content=\"image\/png\" \/>\n<meta name=\"twitter:card\" content=\"summary_large_image\" \/>\n<meta name=\"twitter:label1\" content=\"Estimated reading time\" \/>\n\t<meta name=\"twitter:data1\" content=\"1 minute\" \/>\n<script type=\"application\/ld+json\" class=\"yoast-schema-graph\">{\"@context\":\"https:\\\/\\\/schema.org\",\"@graph\":[{\"@type\":\"WebPage\",\"@id\":\"https:\\\/\\\/www.jovagro.pt\\\/shop\\\/inovabio\\\/fitonutricao\\\/bioativadores\\\/naturamin-wsp\\\/\",\"url\":\"https:\\\/\\\/www.jovagro.pt\\\/shop\\\/inovabio\\\/fitonutricao\\\/bioativadores\\\/naturamin-wsp\\\/\",\"name\":\"Naturamin\u00ae-WSP - Jovagro\",\"isPartOf\":{\"@id\":\"https:\\\/\\\/www.jovagro.pt\\\/#website\"},\"primaryImageOfPage\":{\"@id\":\"https:\\\/\\\/www.jovagro.pt\\\/shop\\\/inovabio\\\/fitonutricao\\\/bioativadores\\\/naturamin-wsp\\\/#primaryimage\"},\"image\":{\"@id\":\"https:\\\/\\\/www.jovagro.pt\\\/shop\\\/inovabio\\\/fitonutricao\\\/bioativadores\\\/naturamin-wsp\\\/#primaryimage\"},\"thumbnailUrl\":\"https:\\\/\\\/www.manonunes.pt\\\/wp-content\\\/uploads\\\/2020\\\/01\\\/Naturamin.png\",\"datePublished\":\"2023-06-22T09:48:06+00:00\",\"dateModified\":\"2025-04-22T15:30:08+00:00\",\"breadcrumb\":{\"@id\":\"https:\\\/\\\/www.jovagro.pt\\\/shop\\\/inovabio\\\/fitonutricao\\\/bioativadores\\\/naturamin-wsp\\\/#breadcrumb\"},\"inLanguage\":\"en-GB\",\"potentialAction\":[{\"@type\":\"ReadAction\",\"target\":[\"https:\\\/\\\/www.jovagro.pt\\\/shop\\\/inovabio\\\/fitonutricao\\\/bioativadores\\\/naturamin-wsp\\\/\"]}]},{\"@type\":\"ImageObject\",\"inLanguage\":\"en-GB\",\"@id\":\"https:\\\/\\\/www.jovagro.pt\\\/shop\\\/inovabio\\\/fitonutricao\\\/bioativadores\\\/naturamin-wsp\\\/#primaryimage\",\"url\":\"https:\\\/\\\/www.manonunes.pt\\\/wp-content\\\/uploads\\\/2020\\\/01\\\/Naturamin.png\",\"contentUrl\":\"https:\\\/\\\/www.manonunes.pt\\\/wp-content\\\/uploads\\\/2020\\\/01\\\/Naturamin.png\",\"width\":626,\"height\":626},{\"@type\":\"BreadcrumbList\",\"@id\":\"https:\\\/\\\/www.jovagro.pt\\\/shop\\\/inovabio\\\/fitonutricao\\\/bioativadores\\\/naturamin-wsp\\\/#breadcrumb\",\"itemListElement\":[{\"@type\":\"ListItem\",\"position\":1,\"name\":\"Home\",\"item\":\"https:\\\/\\\/www.jovagro.pt\\\/\"},{\"@type\":\"ListItem\",\"position\":2,\"name\":\"Loja\",\"item\":\"https:\\\/\\\/www.jovagro.pt\\\/loja\\\/\"},{\"@type\":\"ListItem\",\"position\":3,\"name\":\"Naturamin\u00ae-WSP\"}]},{\"@type\":\"WebSite\",\"@id\":\"https:\\\/\\\/www.jovagro.pt\\\/#website\",\"url\":\"https:\\\/\\\/www.jovagro.pt\\\/\",\"name\":\"Jovagro\",\"description\":\"Sempre com a Natureza\",\"publisher\":{\"@id\":\"https:\\\/\\\/www.jovagro.pt\\\/#organization\"},\"potentialAction\":[{\"@type\":\"SearchAction\",\"target\":{\"@type\":\"EntryPoint\",\"urlTemplate\":\"https:\\\/\\\/www.jovagro.pt\\\/?s={search_term_string}\"},\"query-input\":{\"@type\":\"PropertyValueSpecification\",\"valueRequired\":true,\"valueName\":\"search_term_string\"}}],\"inLanguage\":\"en-GB\"},{\"@type\":\"Organization\",\"@id\":\"https:\\\/\\\/www.jovagro.pt\\\/#organization\",\"name\":\"Jovagro\",\"url\":\"https:\\\/\\\/www.jovagro.pt\\\/\",\"logo\":{\"@type\":\"ImageObject\",\"inLanguage\":\"en-GB\",\"@id\":\"https:\\\/\\\/www.jovagro.pt\\\/#\\\/schema\\\/logo\\\/image\\\/\",\"url\":\"https:\\\/\\\/jovagro.pt\\\/wp-content\\\/uploads\\\/2019\\\/12\\\/7-01-01-scaled.jpg\",\"contentUrl\":\"https:\\\/\\\/jovagro.pt\\\/wp-content\\\/uploads\\\/2019\\\/12\\\/7-01-01-scaled.jpg\",\"width\":2560,\"height\":893,\"caption\":\"Jovagro\"},\"image\":{\"@id\":\"https:\\\/\\\/www.jovagro.pt\\\/#\\\/schema\\\/logo\\\/image\\\/\"},\"sameAs\":[\"https:\\\/\\\/www.facebook.com\\\/Jovagro\\\/\"]}]}<\/script>\n<!-- \/ Yoast SEO plugin. -->","yoast_head_json":{"title":"Naturamin\u00ae-WSP - Jovagro","robots":{"index":"noindex","follow":"follow"},"og_locale":"en_GB","og_type":"article","og_title":"Naturamin\u00ae-WSP - Jovagro","og_description":"Naturamin-WSP estimula o crescimento equilibrado da cultura. O seu uso \u00e9 recomendado nas fases em que a cultura exige maior consumo de energia e nos momentos em que a cultura \u00e9 submetida a condi\u00e7\u00f5es desfavor\u00e1veis (transplante, calor, frio, granizo, vento, excesso e falta de \u00e1gua, salinidade, ataques de pat\u00f3genos, fitotoxicidade, entre outras situa\u00e7\u00f5es de stress). Alta concentra\u00e7\u00e3o de amino\u00e1cidos de cadeia curta (80%), com um aminograma equilibrado, alta concentra\u00e7\u00e3o de amino\u00e1cidos b\u00e1sicos e alta concentra\u00e7\u00e3o de amino\u00e1cidos com atividade espec\u00edfica.","og_url":"https:\/\/www.jovagro.pt\/shop\/inovabio\/fitonutricao\/bioativadores\/naturamin-wsp\/","og_site_name":"Jovagro","article_publisher":"https:\/\/www.facebook.com\/Jovagro\/","article_modified_time":"2025-04-22T15:30:08+00:00","og_image":[{"width":626,"height":626,"url":"https:\/\/www.jovagro.pt\/wp-content\/uploads\/2020\/01\/Naturamin.png","type":"image\/png"}],"twitter_card":"summary_large_image","twitter_misc":{"Estimated reading time":"1 minute"},"schema":{"@context":"https:\/\/schema.org","@graph":[{"@type":"WebPage","@id":"https:\/\/www.jovagro.pt\/shop\/inovabio\/fitonutricao\/bioativadores\/naturamin-wsp\/","url":"https:\/\/www.jovagro.pt\/shop\/inovabio\/fitonutricao\/bioativadores\/naturamin-wsp\/","name":"Naturamin\u00ae-WSP - Jovagro","isPartOf":{"@id":"https:\/\/www.jovagro.pt\/#website"},"primaryImageOfPage":{"@id":"https:\/\/www.jovagro.pt\/shop\/inovabio\/fitonutricao\/bioativadores\/naturamin-wsp\/#primaryimage"},"image":{"@id":"https:\/\/www.jovagro.pt\/shop\/inovabio\/fitonutricao\/bioativadores\/naturamin-wsp\/#primaryimage"},"thumbnailUrl":"https:\/\/www.manonunes.pt\/wp-content\/uploads\/2020\/01\/Naturamin.png","datePublished":"2023-06-22T09:48:06+00:00","dateModified":"2025-04-22T15:30:08+00:00","breadcrumb":{"@id":"https:\/\/www.jovagro.pt\/shop\/inovabio\/fitonutricao\/bioativadores\/naturamin-wsp\/#breadcrumb"},"inLanguage":"en-GB","potentialAction":[{"@type":"ReadAction","target":["https:\/\/www.jovagro.pt\/shop\/inovabio\/fitonutricao\/bioativadores\/naturamin-wsp\/"]}]},{"@type":"ImageObject","inLanguage":"en-GB","@id":"https:\/\/www.jovagro.pt\/shop\/inovabio\/fitonutricao\/bioativadores\/naturamin-wsp\/#primaryimage","url":"https:\/\/www.manonunes.pt\/wp-content\/uploads\/2020\/01\/Naturamin.png","contentUrl":"https:\/\/www.manonunes.pt\/wp-content\/uploads\/2020\/01\/Naturamin.png","width":626,"height":626},{"@type":"BreadcrumbList","@id":"https:\/\/www.jovagro.pt\/shop\/inovabio\/fitonutricao\/bioativadores\/naturamin-wsp\/#breadcrumb","itemListElement":[{"@type":"ListItem","position":1,"name":"Home","item":"https:\/\/www.jovagro.pt\/"},{"@type":"ListItem","position":2,"name":"Loja","item":"https:\/\/www.jovagro.pt\/loja\/"},{"@type":"ListItem","position":3,"name":"Naturamin\u00ae-WSP"}]},{"@type":"WebSite","@id":"https:\/\/www.jovagro.pt\/#website","url":"https:\/\/www.jovagro.pt\/","name":"Jovagro","description":"Sempre com a Natureza","publisher":{"@id":"https:\/\/www.jovagro.pt\/#organization"},"potentialAction":[{"@type":"SearchAction","target":{"@type":"EntryPoint","urlTemplate":"https:\/\/www.jovagro.pt\/?s={search_term_string}"},"query-input":{"@type":"PropertyValueSpecification","valueRequired":true,"valueName":"search_term_string"}}],"inLanguage":"en-GB"},{"@type":"Organization","@id":"https:\/\/www.jovagro.pt\/#organization","name":"Jovagro","url":"https:\/\/www.jovagro.pt\/","logo":{"@type":"ImageObject","inLanguage":"en-GB","@id":"https:\/\/www.jovagro.pt\/#\/schema\/logo\/image\/","url":"https:\/\/jovagro.pt\/wp-content\/uploads\/2019\/12\/7-01-01-scaled.jpg","contentUrl":"https:\/\/jovagro.pt\/wp-content\/uploads\/2019\/12\/7-01-01-scaled.jpg","width":2560,"height":893,"caption":"Jovagro"},"image":{"@id":"https:\/\/www.jovagro.pt\/#\/schema\/logo\/image\/"},"sameAs":["https:\/\/www.facebook.com\/Jovagro\/"]}]}},"_links":{"self":[{"href":"https:\/\/www.manonunes.pt\/en\/wp-json\/wp\/v2\/product\/36842","targetHints":{"allow":["GET"]}}],"collection":[{"href":"https:\/\/www.manonunes.pt\/en\/wp-json\/wp\/v2\/product"}],"about":[{"href":"https:\/\/www.manonunes.pt\/en\/wp-json\/wp\/v2\/types\/product"}],"wp:featuredmedia":[{"embeddable":true,"href":"https:\/\/www.manonunes.pt\/en\/wp-json\/wp\/v2\/media\/4164"}],"wp:attachment":[{"href":"https:\/\/www.manonunes.pt\/en\/wp-json\/wp\/v2\/media?parent=36842"}],"wp:term":[{"taxonomy":"product_brand","embeddable":true,"href":"https:\/\/www.manonunes.pt\/en\/wp-json\/wp\/v2\/product_brand?post=36842"},{"taxonomy":"product_cat","embeddable":true,"href":"https:\/\/www.manonunes.pt\/en\/wp-json\/wp\/v2\/product_cat?post=36842"},{"taxonomy":"product_tag","embeddable":true,"href":"https:\/\/www.manonunes.pt\/en\/wp-json\/wp\/v2\/product_tag?post=36842"}],"curies":[{"name":"wp","href":"https:\/\/api.w.org\/{rel}","templated":true}]}}