{"id":37808,"date":"2024-02-19T11:28:23","date_gmt":"2024-02-19T11:28:23","guid":{"rendered":"https:\/\/www.jovagro.pt\/?post_type=product&#038;p=37808"},"modified":"2025-04-22T10:27:08","modified_gmt":"2025-04-22T10:27:08","slug":"kosmet","status":"publish","type":"product","link":"https:\/\/www.manonunes.pt\/en\/shop\/inovabio\/sem-categoria\/kosmet\/","title":{"rendered":"Kosmet\u00ae"},"content":{"rendered":"<style type=\"text\/css\"> \n#cmsms_row_69e26d3939c2d .cmsms_row_outer_parent { \n\tpadding-top: 0px; \n} \n\n#cmsms_row_69e26d3939c2d .cmsms_row_outer_parent { \n\tpadding-bottom: 50px; \n} \n\n<\/style><div id=\"cmsms_row_69e26d3939c2d\" class=\"cmsms_row cmsms_color_scheme_default\">\n<div class=\"cmsms_row_outer_parent\">\n<div class=\"cmsms_row_outer\">\n<div class=\"cmsms_row_inner\">\n<div class=\"cmsms_row_margin\">\n<div class=\"cmsms_column one_first\">\n<div class=\"custom_html\">\n<table class=\"woocommerce-product-attributes shop_attributes\">\n<tbody>\n<tr class=\"woocommerce-product-attributes-item woocommerce-product-attributes-item--attribute_pa_aplicacao\">\n<th class=\"woocommerce-product-attributes-item__label\">Ferro sol\u00favel em \u00e1gua<\/th>\n<td class=\"woocommerce-product-attributes-item__value\">0,5%<\/td>\n<\/tr>\n<tr class=\"woocommerce-product-attributes-item woocommerce-product-attributes-item--attribute_pa_aplicacao\">\n<th class=\"woocommerce-product-attributes-item__label\">Water-soluble zinc (Zn)<\/th>\n<td class=\"woocommerce-product-attributes-item__value\">1,5%<\/td>\n<\/tr>\n<\/tbody>\n<\/table>\n<\/div>\n<\/div>\n<div class=\"cmsms_column one_first\">\n<p><\/p>\n<\/div>\n<\/div>\n<\/div>\n<\/div>\n<\/div>\n<\/div>","protected":false},"excerpt":{"rendered":"<p><span style=\"font-size: 16px;\">Kosmet \u00e9 um formulado \u00e0 base de ferro (Fe), zinco (Zn), oligossacar\u00eddeos e dois tipos de triglicer\u00eddeos. Os triglicer\u00eddeos de cadeia curta parcialmente insaturados absorvem a radia\u00e7\u00e3o ultravioleta, enquanto os triglicer\u00eddeos de cadeia longa refletem as radia\u00e7\u00f5es. Al\u00e9m disso, tem efeito hidratante nos tecidos vegetais. Kosmet \u00e9 baseado em quatro aspectos principais:<\/span>Triglicer\u00eddeos de cadeia curta absorvem as radia\u00e7\u00f5es, produzindo um efeito refrescante entre 3\u00baC-5\u00baC; Triglicer\u00eddeos de cadeia longa refletem as radia\u00e7\u00f5es e hidratam os tecidos, evitando que a temperatura da pele aumente; A sua composi\u00e7\u00e3o com ferro, zinco e oligossacar\u00eddeos potencializa a bioss\u00edntese de prote\u00ednas de choque t\u00e9rmico (HSP) e \u00e1cidos gordos constituintes das paredes celulares; A sua formula\u00e7\u00e3o tem propriedades cicatrizantes para ajudar a reparar as consequ\u00eancias de granizadas ou microfissuras.<\/p>\n<p><img loading=\"lazy\" decoding=\"async\" class=\"alignnone size-full wp-image-38351\" src=\"https:\/\/jovagro.pt\/wp-content\/uploads\/2023\/06\/approved-by-ecocert-inputs-vector-logo.png\" alt=\"\" width=\"80\" height=\"80\" \/><\/p>\n<p>&nbsp;<\/p>\n<div class=\"cmsms_text\" style=\"position: absolute; bottom: 0;\">\n<h5><strong>\u00a0<\/strong><\/h5>\n<\/div>","protected":false},"featured_media":37867,"template":"","meta":{"_monsterinsights_skip_tracking":false,"_monsterinsights_sitenote_active":false,"_monsterinsights_sitenote_note":"","_monsterinsights_sitenote_category":0},"product_brand":[],"product_cat":[137],"product_tag":[],"class_list":{"0":"post-37808","1":"product","2":"type-product","3":"status-publish","4":"has-post-thumbnail","6":"product_cat-sem-categoria","8":"first","9":"instock","10":"taxable","11":"shipping-taxable","12":"purchasable","13":"product-type-variable"},"yoast_head":"<!-- This site is optimized with the Yoast SEO plugin v27.4 - https:\/\/yoast.com\/product\/yoast-seo-wordpress\/ -->\n<title>Kosmet\u00ae - Jovagro<\/title>\n<meta name=\"robots\" content=\"index, follow, max-snippet:-1, max-image-preview:large, max-video-preview:-1\" \/>\n<link rel=\"canonical\" href=\"https:\/\/www.manonunes.pt\/en\/shop\/inovabio\/sem-categoria\/kosmet\/\" \/>\n<meta property=\"og:locale\" content=\"en_GB\" \/>\n<meta property=\"og:type\" content=\"article\" \/>\n<meta property=\"og:title\" content=\"Kosmet\u00ae - Jovagro\" \/>\n<meta property=\"og:description\" content=\"Kosmet \u00e9 um formulado \u00e0 base de ferro (Fe), zinco (Zn), oligossacar\u00eddeos e dois tipos de triglicer\u00eddeos. Os triglicer\u00eddeos de cadeia curta parcialmente insaturados absorvem a radia\u00e7\u00e3o ultravioleta, enquanto os triglicer\u00eddeos de cadeia longa refletem as radia\u00e7\u00f5es. Al\u00e9m disso, tem efeito hidratante nos tecidos vegetais. Kosmet \u00e9 baseado em quatro aspectos principais:Triglicer\u00eddeos de cadeia curta absorvem as radia\u00e7\u00f5es, produzindo um efeito refrescante entre 3\u00baC-5\u00baC; Triglicer\u00eddeos de cadeia longa refletem as radia\u00e7\u00f5es e hidratam os tecidos, evitando que a temperatura da pele aumente; A sua composi\u00e7\u00e3o com ferro, zinco e oligossacar\u00eddeos potencializa a bioss\u00edntese de prote\u00ednas de choque t\u00e9rmico (HSP) e \u00e1cidos gordos constituintes das paredes celulares; A sua formula\u00e7\u00e3o tem propriedades cicatrizantes para ajudar a reparar as consequ\u00eancias de granizadas ou microfissuras.    &nbsp;  \u00a0\" \/>\n<meta property=\"og:url\" content=\"https:\/\/www.manonunes.pt\/en\/shop\/inovabio\/sem-categoria\/kosmet\/\" \/>\n<meta property=\"og:site_name\" content=\"Jovagro\" \/>\n<meta property=\"article:publisher\" content=\"https:\/\/www.facebook.com\/Jovagro\/\" \/>\n<meta property=\"article:modified_time\" content=\"2025-04-22T10:27:08+00:00\" \/>\n<meta property=\"og:image\" content=\"https:\/\/www.manonunes.pt\/wp-content\/uploads\/2024\/02\/Kosmet.png\" \/>\n\t<meta property=\"og:image:width\" content=\"626\" \/>\n\t<meta property=\"og:image:height\" content=\"626\" \/>\n\t<meta property=\"og:image:type\" content=\"image\/png\" \/>\n<meta name=\"twitter:card\" content=\"summary_large_image\" \/>\n<meta name=\"twitter:label1\" content=\"Estimated reading time\" \/>\n\t<meta name=\"twitter:data1\" content=\"1 minute\" \/>\n<script type=\"application\/ld+json\" class=\"yoast-schema-graph\">{\"@context\":\"https:\\\/\\\/schema.org\",\"@graph\":[{\"@type\":\"WebPage\",\"@id\":\"https:\\\/\\\/www.manonunes.pt\\\/en\\\/shop\\\/inovabio\\\/sem-categoria\\\/kosmet\\\/\",\"url\":\"https:\\\/\\\/www.manonunes.pt\\\/en\\\/shop\\\/inovabio\\\/sem-categoria\\\/kosmet\\\/\",\"name\":\"Kosmet\u00ae - Jovagro\",\"isPartOf\":{\"@id\":\"https:\\\/\\\/www.jovagro.pt\\\/#website\"},\"primaryImageOfPage\":{\"@id\":\"https:\\\/\\\/www.manonunes.pt\\\/en\\\/shop\\\/inovabio\\\/sem-categoria\\\/kosmet\\\/#primaryimage\"},\"image\":{\"@id\":\"https:\\\/\\\/www.manonunes.pt\\\/en\\\/shop\\\/inovabio\\\/sem-categoria\\\/kosmet\\\/#primaryimage\"},\"thumbnailUrl\":\"https:\\\/\\\/www.manonunes.pt\\\/wp-content\\\/uploads\\\/2024\\\/02\\\/Kosmet.png\",\"datePublished\":\"2024-02-19T11:28:23+00:00\",\"dateModified\":\"2025-04-22T10:27:08+00:00\",\"breadcrumb\":{\"@id\":\"https:\\\/\\\/www.manonunes.pt\\\/en\\\/shop\\\/inovabio\\\/sem-categoria\\\/kosmet\\\/#breadcrumb\"},\"inLanguage\":\"en-GB\",\"potentialAction\":[{\"@type\":\"ReadAction\",\"target\":[\"https:\\\/\\\/www.manonunes.pt\\\/en\\\/shop\\\/inovabio\\\/sem-categoria\\\/kosmet\\\/\"]}]},{\"@type\":\"ImageObject\",\"inLanguage\":\"en-GB\",\"@id\":\"https:\\\/\\\/www.manonunes.pt\\\/en\\\/shop\\\/inovabio\\\/sem-categoria\\\/kosmet\\\/#primaryimage\",\"url\":\"https:\\\/\\\/www.manonunes.pt\\\/wp-content\\\/uploads\\\/2024\\\/02\\\/Kosmet.png\",\"contentUrl\":\"https:\\\/\\\/www.manonunes.pt\\\/wp-content\\\/uploads\\\/2024\\\/02\\\/Kosmet.png\",\"width\":626,\"height\":626},{\"@type\":\"BreadcrumbList\",\"@id\":\"https:\\\/\\\/www.manonunes.pt\\\/en\\\/shop\\\/inovabio\\\/sem-categoria\\\/kosmet\\\/#breadcrumb\",\"itemListElement\":[{\"@type\":\"ListItem\",\"position\":1,\"name\":\"Home\",\"item\":\"https:\\\/\\\/www.jovagro.pt\\\/\"},{\"@type\":\"ListItem\",\"position\":2,\"name\":\"Loja\",\"item\":\"https:\\\/\\\/www.jovagro.pt\\\/loja\\\/\"},{\"@type\":\"ListItem\",\"position\":3,\"name\":\"Kosmet\u00ae\"}]},{\"@type\":\"WebSite\",\"@id\":\"https:\\\/\\\/www.jovagro.pt\\\/#website\",\"url\":\"https:\\\/\\\/www.jovagro.pt\\\/\",\"name\":\"Jovagro\",\"description\":\"Sempre com a Natureza\",\"publisher\":{\"@id\":\"https:\\\/\\\/www.jovagro.pt\\\/#organization\"},\"potentialAction\":[{\"@type\":\"SearchAction\",\"target\":{\"@type\":\"EntryPoint\",\"urlTemplate\":\"https:\\\/\\\/www.jovagro.pt\\\/?s={search_term_string}\"},\"query-input\":{\"@type\":\"PropertyValueSpecification\",\"valueRequired\":true,\"valueName\":\"search_term_string\"}}],\"inLanguage\":\"en-GB\"},{\"@type\":\"Organization\",\"@id\":\"https:\\\/\\\/www.jovagro.pt\\\/#organization\",\"name\":\"Jovagro\",\"url\":\"https:\\\/\\\/www.jovagro.pt\\\/\",\"logo\":{\"@type\":\"ImageObject\",\"inLanguage\":\"en-GB\",\"@id\":\"https:\\\/\\\/www.jovagro.pt\\\/#\\\/schema\\\/logo\\\/image\\\/\",\"url\":\"https:\\\/\\\/jovagro.pt\\\/wp-content\\\/uploads\\\/2019\\\/12\\\/7-01-01-scaled.jpg\",\"contentUrl\":\"https:\\\/\\\/jovagro.pt\\\/wp-content\\\/uploads\\\/2019\\\/12\\\/7-01-01-scaled.jpg\",\"width\":2560,\"height\":893,\"caption\":\"Jovagro\"},\"image\":{\"@id\":\"https:\\\/\\\/www.jovagro.pt\\\/#\\\/schema\\\/logo\\\/image\\\/\"},\"sameAs\":[\"https:\\\/\\\/www.facebook.com\\\/Jovagro\\\/\"]}]}<\/script>\n<!-- \/ Yoast SEO plugin. -->","yoast_head_json":{"title":"Kosmet\u00ae - Jovagro","robots":{"index":"index","follow":"follow","max-snippet":"max-snippet:-1","max-image-preview":"max-image-preview:large","max-video-preview":"max-video-preview:-1"},"canonical":"https:\/\/www.manonunes.pt\/en\/shop\/inovabio\/sem-categoria\/kosmet\/","og_locale":"en_GB","og_type":"article","og_title":"Kosmet\u00ae - Jovagro","og_description":"Kosmet \u00e9 um formulado \u00e0 base de ferro (Fe), zinco (Zn), oligossacar\u00eddeos e dois tipos de triglicer\u00eddeos. Os triglicer\u00eddeos de cadeia curta parcialmente insaturados absorvem a radia\u00e7\u00e3o ultravioleta, enquanto os triglicer\u00eddeos de cadeia longa refletem as radia\u00e7\u00f5es. Al\u00e9m disso, tem efeito hidratante nos tecidos vegetais. Kosmet \u00e9 baseado em quatro aspectos principais:Triglicer\u00eddeos de cadeia curta absorvem as radia\u00e7\u00f5es, produzindo um efeito refrescante entre 3\u00baC-5\u00baC; Triglicer\u00eddeos de cadeia longa refletem as radia\u00e7\u00f5es e hidratam os tecidos, evitando que a temperatura da pele aumente; A sua composi\u00e7\u00e3o com ferro, zinco e oligossacar\u00eddeos potencializa a bioss\u00edntese de prote\u00ednas de choque t\u00e9rmico (HSP) e \u00e1cidos gordos constituintes das paredes celulares; A sua formula\u00e7\u00e3o tem propriedades cicatrizantes para ajudar a reparar as consequ\u00eancias de granizadas ou microfissuras.    &nbsp;  \u00a0","og_url":"https:\/\/www.manonunes.pt\/en\/shop\/inovabio\/sem-categoria\/kosmet\/","og_site_name":"Jovagro","article_publisher":"https:\/\/www.facebook.com\/Jovagro\/","article_modified_time":"2025-04-22T10:27:08+00:00","og_image":[{"width":626,"height":626,"url":"https:\/\/www.manonunes.pt\/wp-content\/uploads\/2024\/02\/Kosmet.png","type":"image\/png"}],"twitter_card":"summary_large_image","twitter_misc":{"Estimated reading time":"1 minute"},"schema":{"@context":"https:\/\/schema.org","@graph":[{"@type":"WebPage","@id":"https:\/\/www.manonunes.pt\/en\/shop\/inovabio\/sem-categoria\/kosmet\/","url":"https:\/\/www.manonunes.pt\/en\/shop\/inovabio\/sem-categoria\/kosmet\/","name":"Kosmet\u00ae - Jovagro","isPartOf":{"@id":"https:\/\/www.jovagro.pt\/#website"},"primaryImageOfPage":{"@id":"https:\/\/www.manonunes.pt\/en\/shop\/inovabio\/sem-categoria\/kosmet\/#primaryimage"},"image":{"@id":"https:\/\/www.manonunes.pt\/en\/shop\/inovabio\/sem-categoria\/kosmet\/#primaryimage"},"thumbnailUrl":"https:\/\/www.manonunes.pt\/wp-content\/uploads\/2024\/02\/Kosmet.png","datePublished":"2024-02-19T11:28:23+00:00","dateModified":"2025-04-22T10:27:08+00:00","breadcrumb":{"@id":"https:\/\/www.manonunes.pt\/en\/shop\/inovabio\/sem-categoria\/kosmet\/#breadcrumb"},"inLanguage":"en-GB","potentialAction":[{"@type":"ReadAction","target":["https:\/\/www.manonunes.pt\/en\/shop\/inovabio\/sem-categoria\/kosmet\/"]}]},{"@type":"ImageObject","inLanguage":"en-GB","@id":"https:\/\/www.manonunes.pt\/en\/shop\/inovabio\/sem-categoria\/kosmet\/#primaryimage","url":"https:\/\/www.manonunes.pt\/wp-content\/uploads\/2024\/02\/Kosmet.png","contentUrl":"https:\/\/www.manonunes.pt\/wp-content\/uploads\/2024\/02\/Kosmet.png","width":626,"height":626},{"@type":"BreadcrumbList","@id":"https:\/\/www.manonunes.pt\/en\/shop\/inovabio\/sem-categoria\/kosmet\/#breadcrumb","itemListElement":[{"@type":"ListItem","position":1,"name":"Home","item":"https:\/\/www.jovagro.pt\/"},{"@type":"ListItem","position":2,"name":"Loja","item":"https:\/\/www.jovagro.pt\/loja\/"},{"@type":"ListItem","position":3,"name":"Kosmet\u00ae"}]},{"@type":"WebSite","@id":"https:\/\/www.jovagro.pt\/#website","url":"https:\/\/www.jovagro.pt\/","name":"Jovagro","description":"Sempre com a Natureza","publisher":{"@id":"https:\/\/www.jovagro.pt\/#organization"},"potentialAction":[{"@type":"SearchAction","target":{"@type":"EntryPoint","urlTemplate":"https:\/\/www.jovagro.pt\/?s={search_term_string}"},"query-input":{"@type":"PropertyValueSpecification","valueRequired":true,"valueName":"search_term_string"}}],"inLanguage":"en-GB"},{"@type":"Organization","@id":"https:\/\/www.jovagro.pt\/#organization","name":"Jovagro","url":"https:\/\/www.jovagro.pt\/","logo":{"@type":"ImageObject","inLanguage":"en-GB","@id":"https:\/\/www.jovagro.pt\/#\/schema\/logo\/image\/","url":"https:\/\/jovagro.pt\/wp-content\/uploads\/2019\/12\/7-01-01-scaled.jpg","contentUrl":"https:\/\/jovagro.pt\/wp-content\/uploads\/2019\/12\/7-01-01-scaled.jpg","width":2560,"height":893,"caption":"Jovagro"},"image":{"@id":"https:\/\/www.jovagro.pt\/#\/schema\/logo\/image\/"},"sameAs":["https:\/\/www.facebook.com\/Jovagro\/"]}]}},"_links":{"self":[{"href":"https:\/\/www.manonunes.pt\/en\/wp-json\/wp\/v2\/product\/37808","targetHints":{"allow":["GET"]}}],"collection":[{"href":"https:\/\/www.manonunes.pt\/en\/wp-json\/wp\/v2\/product"}],"about":[{"href":"https:\/\/www.manonunes.pt\/en\/wp-json\/wp\/v2\/types\/product"}],"wp:featuredmedia":[{"embeddable":true,"href":"https:\/\/www.manonunes.pt\/en\/wp-json\/wp\/v2\/media\/37867"}],"wp:attachment":[{"href":"https:\/\/www.manonunes.pt\/en\/wp-json\/wp\/v2\/media?parent=37808"}],"wp:term":[{"taxonomy":"product_brand","embeddable":true,"href":"https:\/\/www.manonunes.pt\/en\/wp-json\/wp\/v2\/product_brand?post=37808"},{"taxonomy":"product_cat","embeddable":true,"href":"https:\/\/www.manonunes.pt\/en\/wp-json\/wp\/v2\/product_cat?post=37808"},{"taxonomy":"product_tag","embeddable":true,"href":"https:\/\/www.manonunes.pt\/en\/wp-json\/wp\/v2\/product_tag?post=37808"}],"curies":[{"name":"wp","href":"https:\/\/api.w.org\/{rel}","templated":true}]}}